{"id":2068,"date":"2021-02-11T17:50:10","date_gmt":"2021-02-11T17:50:10","guid":{"rendered":"https:\/\/tubici.mx\/configurador\/?post_type=product&#038;p=2068"},"modified":"2024-02-27T04:09:27","modified_gmt":"2024-02-27T04:09:27","slug":"thule-spare-me-pro","status":"publish","type":"product","link":"https:\/\/tubici.mx\/configurador\/producto\/thule-spare-me-pro\/","title":{"rendered":"THULE PORTABICICLETAS SPARE ME"},"content":{"rendered":"<section id=\"main_0_mainframed_0_ctl00_Features\" class=\"section-features product-detail-features m-bottom-flex\" data-mobile-order=\"40\" data-desktop-order=\"l-col-20\">\n<div id=\"main_0_mainframed_0_ctl00_productDetailFeatures_divFeatures\" class=\"partially-hidden-xs\">\n<h2 class=\"heading5\">Caracter\u00edsticas<\/h2>\n<ul>\n<li>Se fija al neum\u00e1tico de repuesto del veh\u00edculo y se adapta tanto a neum\u00e1ticos normales como de gran tama\u00f1o<\/li>\n<li class=\"show-image-on-click\" data-target=\"#ProductDetailImageSlider\" data-slide-to=\"1\">Protecci\u00f3n y estabilidad para la bicicleta con los soportes Stay-Put y las jaulas antibalanceo desmontables<\/li>\n<li>Fija las bicicletas al portabicicletas y el portabicicletas al auto (se incluyen las trabas)<\/li>\n<li>Los brazos se pliegan cuando no est\u00e1n en uso<\/li>\n<\/ul>\n<\/div>\n<\/section>\n<section id=\"Vizualizer\" class=\"m-bottom-flex\" data-mobile-order=\"30\" data-desktop-order=\"l-col-30\">\n<div id=\"main_0_mainframed_0_ctl00_productVisualizerView\" class=\"\"><\/div>\n<\/section>\n<section id=\"TechSpecs\" class=\"section-techspecs m-bottom-flex\" data-mobile-order=\"60\" data-desktop-order=\"l-col-40\">\n<div id=\"main_0_mainframed_0_ctl00_productDetailTechSpecs_panelTechSpecs\" class=\"partially-hidden-xs\">\n<h2 class=\"heading5\">Especificaciones t\u00e9cnicas<\/h2>\n<div class=\"row\">\n<div class=\"col-xs-12\">\n<table>\n<tbody>\n<tr>\n<th>N\u00famero m\u00e1ximo de bicicletas<\/th>\n<td>2<\/td>\n<\/tr>\n<tr>\n<th>Capacidad de carga<\/th>\n<td>34 kg<\/td>\n<\/tr>\n<tr>\n<th>Dimensiones<\/th>\n<td>40.6 x 47 x 97.8 cm<\/td>\n<\/tr>\n<tr>\n<th>Dimensiones plegado<\/th>\n<td>10.2 x 47 x 97.8 cm<\/td>\n<\/tr>\n<tr>\n<th>Peso<\/th>\n<td>7.1 kg<\/td>\n<\/tr>\n<tr>\n<th>Compatible con cuadros de carbono<\/th>\n<td><strong>\u00a0\u2713\u00a0<\/strong><\/td>\n<\/tr>\n<tr>\n<th>Compatible con el sistema One Key<\/th>\n<td><strong>\u00a0\u2713\u00a0<\/strong><\/td>\n<\/tr>\n<tr>\n<th>Con seguro para fijar la bicicleta al soporte<\/th>\n<td><strong>\u00a0\u2713\u00a0<\/strong><\/td>\n<\/tr>\n<tr>\n<th>Fija el soporte al autom\u00f3vil<\/th>\n<td><strong>\u00a0\u2713\u00a0<\/strong><\/td>\n<\/tr>\n<tr>\n<th>Color<\/th>\n<td>Aluminum<\/td>\n<\/tr>\n<tr>\n<th>N\u00famero del modelo<\/th>\n<td>963PRO<\/td>\n<\/tr>\n<\/tbody>\n<\/table>\n<\/div>\n<\/div>\n<\/div>\n<\/section>\n","protected":false},"excerpt":{"rendered":"<p>Caracter\u00edsticas Se fija al neum\u00e1tico de repuesto del veh\u00edculo y se adapta tanto a neum\u00e1ticos normales como de gran tama\u00f1o Protecci\u00f3n y estabilidad para la bicicleta con los soportes Stay-Put y las jaulas antibalanceo desmontables Fija las bicicletas al portabicicletas y el portabicicletas al auto (se incluyen las trabas) Los brazos se pliegan cuando no [&hellip;]<\/p>\n","protected":false},"featured_media":2071,"comment_status":"open","ping_status":"closed","template":"","meta":{"nf_dc_page":"","om_disable_all_campaigns":false,"site-sidebar-layout":"default","site-content-layout":"","ast-site-content-layout":"default","site-content-style":"default","site-sidebar-style":"default","ast-global-header-display":"","ast-banner-title-visibility":"","ast-main-header-display":"","ast-hfb-above-header-display":"","ast-hfb-below-header-display":"","ast-hfb-mobile-header-display":"","site-post-title":"","ast-breadcrumbs-content":"","ast-featured-img":"","footer-sml-layout":"","ast-disable-related-posts":"","theme-transparent-header-meta":"","adv-header-id-meta":"","stick-header-meta":"","header-above-stick-meta":"","header-main-stick-meta":"","header-below-stick-meta":"","astra-migrate-meta-layouts":"default","ast-page-background-enabled":"default","ast-page-background-meta":{"desktop":{"background-color":"","background-image":"","background-repeat":"repeat","background-position":"center center","background-size":"auto","background-attachment":"scroll","background-type":"","background-media":"","overlay-type":"","overlay-color":"","overlay-opacity":"","overlay-gradient":""},"tablet":{"background-color":"","background-image":"","background-repeat":"repeat","background-position":"center center","background-size":"auto","background-attachment":"scroll","background-type":"","background-media":"","overlay-type":"","overlay-color":"","overlay-opacity":"","overlay-gradient":""},"mobile":{"background-color":"","background-image":"","background-repeat":"repeat","background-position":"center center","background-size":"auto","background-attachment":"scroll","background-type":"","background-media":"","overlay-type":"","overlay-color":"","overlay-opacity":"","overlay-gradient":""}},"ast-content-background-meta":{"desktop":{"background-color":"var(--ast-global-color-5)","background-image":"","background-repeat":"repeat","background-position":"center center","background-size":"auto","background-attachment":"scroll","background-type":"","background-media":"","overlay-type":"","overlay-color":"","overlay-opacity":"","overlay-gradient":""},"tablet":{"background-color":"var(--ast-global-color-5)","background-image":"","background-repeat":"repeat","background-position":"center center","background-size":"auto","background-attachment":"scroll","background-type":"","background-media":"","overlay-type":"","overlay-color":"","overlay-opacity":"","overlay-gradient":""},"mobile":{"background-color":"var(--ast-global-color-5)","background-image":"","background-repeat":"repeat","background-position":"center center","background-size":"auto","background-attachment":"scroll","background-type":"","background-media":"","overlay-type":"","overlay-color":"","overlay-opacity":"","overlay-gradient":""}}},"product_brand":[],"product_cat":[20],"product_tag":[25],"class_list":{"0":"post-2068","1":"product","2":"type-product","3":"status-publish","4":"has-post-thumbnail","6":"product_cat-accesorios-thule","7":"product_tag-sobre-pedido","8":"desktop-align-left","9":"tablet-align-left","10":"mobile-align-left","12":"first","13":"instock","14":"shipping-taxable","15":"purchasable","16":"product-type-simple"},"_links":{"self":[{"href":"https:\/\/tubici.mx\/configurador\/wp-json\/wp\/v2\/product\/2068","targetHints":{"allow":["GET"]}}],"collection":[{"href":"https:\/\/tubici.mx\/configurador\/wp-json\/wp\/v2\/product"}],"about":[{"href":"https:\/\/tubici.mx\/configurador\/wp-json\/wp\/v2\/types\/product"}],"replies":[{"embeddable":true,"href":"https:\/\/tubici.mx\/configurador\/wp-json\/wp\/v2\/comments?post=2068"}],"wp:featuredmedia":[{"embeddable":true,"href":"https:\/\/tubici.mx\/configurador\/wp-json\/wp\/v2\/media\/2071"}],"wp:attachment":[{"href":"https:\/\/tubici.mx\/configurador\/wp-json\/wp\/v2\/media?parent=2068"}],"wp:term":[{"taxonomy":"product_brand","embeddable":true,"href":"https:\/\/tubici.mx\/configurador\/wp-json\/wp\/v2\/product_brand?post=2068"},{"taxonomy":"product_cat","embeddable":true,"href":"https:\/\/tubici.mx\/configurador\/wp-json\/wp\/v2\/product_cat?post=2068"},{"taxonomy":"product_tag","embeddable":true,"href":"https:\/\/tubici.mx\/configurador\/wp-json\/wp\/v2\/product_tag?post=2068"}],"curies":[{"name":"wp","href":"https:\/\/api.w.org\/{rel}","templated":true}]}}