{"id":2055,"date":"2021-02-11T17:43:35","date_gmt":"2021-02-11T17:43:35","guid":{"rendered":"https:\/\/tubici.mx\/configurador\/?post_type=product&#038;p=2055"},"modified":"2024-02-27T04:09:34","modified_gmt":"2024-02-27T04:09:34","slug":"thule-passage-3-bikes","status":"publish","type":"product","link":"https:\/\/tubici.mx\/configurador\/producto\/thule-passage-3-bikes\/","title":{"rendered":"THULE PASSAGE 911XT(3 BICICLETAS)"},"content":{"rendered":"<section id=\"main_0_mainframed_0_ctl00_Features\" class=\"section-features product-detail-features m-bottom-flex\" data-mobile-order=\"40\" data-desktop-order=\"l-col-20\">\n<div id=\"main_0_mainframed_0_ctl00_productDetailFeatures_divFeatures\" class=\"partially-hidden-xs\">\n<h2 class=\"heading5\">Caracter\u00edsticas<\/h2>\n<ul>\n<li class=\"show-image-on-click\" data-target=\"#ProductDetailImageSlider\" data-slide-to=\"0\">Soportes de goma blanda protegen el cuadro de las bicicletas, a la vez que lo sostienen firmemente<\/li>\n<li class=\"show-image-on-click\" data-target=\"#ProductDetailImageSlider\" data-slide-to=\"2\">Los brazos del portabicicletas se pueden plegar cuando no est\u00e9n en uso<\/li>\n<li>Los angostos brazos del soporte permiten alojar una amplia gama de cuadros de bicicleta, incluidos los peque\u00f1os cuadros de las bicicletas para ni\u00f1os<\/li>\n<li>Protecci\u00f3n del autom\u00f3vil con almohadillas suaves y acolchadas contra otro veh\u00edculo<\/li>\n<li>Las jaulas antibalanceo evitan el contacto entre las bicicletas y de las bicicletas con el veh\u00edculo<\/li>\n<li>Protege el veh\u00edculo con las hebillas recubiertas de vinilo que brindan un firme ajuste<\/li>\n<li>Consulte las recomendaciones de ajuste en la\u00a0<a href=\"https:\/\/www.thule.com\/es-mx\/buyers-guide\">Gu\u00eda del comprador de Thule<\/a><\/li>\n<\/ul>\n<\/div>\n<\/section>\n<section id=\"Vizualizer\" class=\"m-bottom-flex\" data-mobile-order=\"30\" data-desktop-order=\"l-col-30\">\n<div id=\"main_0_mainframed_0_ctl00_productVisualizerView\" class=\"\"><\/div>\n<\/section>\n<section id=\"TechSpecs\" class=\"section-techspecs m-bottom-flex\" data-mobile-order=\"60\" data-desktop-order=\"l-col-40\">\n<div id=\"main_0_mainframed_0_ctl00_productDetailTechSpecs_panelTechSpecs\" class=\"partially-hidden-xs\">\n<h2 class=\"heading5\">Especificaciones t\u00e9cnicas<\/h2>\n<div class=\"row\">\n<div class=\"col-xs-12\">\n<table>\n<tbody>\n<tr>\n<th>N\u00famero m\u00e1ximo de bicicletas<\/th>\n<td>3<\/td>\n<\/tr>\n<tr>\n<th>Capacidad de carga<\/th>\n<td>47.6 kg<\/td>\n<\/tr>\n<tr>\n<th>Peso m\u00e1ximo de la bicicleta<\/th>\n<td>15.9 kg<\/td>\n<\/tr>\n<tr>\n<th>Dimensiones<\/th>\n<td>55.9 x 43.2 x 99.1 cm<\/td>\n<\/tr>\n<tr>\n<th>Dimensiones plegado<\/th>\n<td>55.9 x 43.2 x 63.5 cm<\/td>\n<\/tr>\n<tr>\n<th>Peso<\/th>\n<td>4.9 kg<\/td>\n<\/tr>\n<tr>\n<th>Compatible con cuadros de carbono<\/th>\n<td><strong>\u00a0\u2713\u00a0<\/strong><\/td>\n<\/tr>\n<tr>\n<th>Luces traseras y placa de matr\u00edcula visibles con las bicicletas montadas<\/th>\n<td>\u00a0\u2716<\/td>\n<\/tr>\n<tr>\n<th>Compatible con el sistema One Key<\/th>\n<td>\u00a0\u2716<\/td>\n<\/tr>\n<tr>\n<th>Con seguro para fijar la bicicleta al soporte<\/th>\n<td><strong>\u00a0\u2713\u00a0<\/strong>\u00a0Se requiere adaptador:\u00a0<a href=\"https:\/\/www.thule.com\/es-mx\/bike-rack\/trunk-bike-rack-accessories\/thule-cable-lock-_-538xt999\" rel=\"nofollow\">Thule Cable Lock<\/a><\/td>\n<\/tr>\n<tr>\n<th>Fija el soporte al autom\u00f3vil<\/th>\n<td>\u00a0\u2716<\/td>\n<\/tr>\n<tr>\n<th>Color<\/th>\n<td>Black<\/td>\n<\/tr>\n<tr>\n<th>N\u00famero del modelo<\/th>\n<td>911XT<\/td>\n<\/tr>\n<\/tbody>\n<\/table>\n<\/div>\n<\/div>\n<\/div>\n<\/section>\n","protected":false},"excerpt":{"rendered":"<p>Caracter\u00edsticas Soportes de goma blanda protegen el cuadro de las bicicletas, a la vez que lo sostienen firmemente Los brazos del portabicicletas se pueden plegar cuando no est\u00e9n en uso Los angostos brazos del soporte permiten alojar una amplia gama de cuadros de bicicleta, incluidos los peque\u00f1os cuadros de las bicicletas para ni\u00f1os Protecci\u00f3n del [&hellip;]<\/p>\n","protected":false},"featured_media":2056,"comment_status":"open","ping_status":"closed","template":"","meta":{"nf_dc_page":"","om_disable_all_campaigns":false,"site-sidebar-layout":"default","site-content-layout":"","ast-site-content-layout":"default","site-content-style":"default","site-sidebar-style":"default","ast-global-header-display":"","ast-banner-title-visibility":"","ast-main-header-display":"","ast-hfb-above-header-display":"","ast-hfb-below-header-display":"","ast-hfb-mobile-header-display":"","site-post-title":"","ast-breadcrumbs-content":"","ast-featured-img":"","footer-sml-layout":"","ast-disable-related-posts":"","theme-transparent-header-meta":"","adv-header-id-meta":"","stick-header-meta":"","header-above-stick-meta":"","header-main-stick-meta":"","header-below-stick-meta":"","astra-migrate-meta-layouts":"default","ast-page-background-enabled":"default","ast-page-background-meta":{"desktop":{"background-color":"","background-image":"","background-repeat":"repeat","background-position":"center center","background-size":"auto","background-attachment":"scroll","background-type":"","background-media":"","overlay-type":"","overlay-color":"","overlay-opacity":"","overlay-gradient":""},"tablet":{"background-color":"","background-image":"","background-repeat":"repeat","background-position":"center center","background-size":"auto","background-attachment":"scroll","background-type":"","background-media":"","overlay-type":"","overlay-color":"","overlay-opacity":"","overlay-gradient":""},"mobile":{"background-color":"","background-image":"","background-repeat":"repeat","background-position":"center center","background-size":"auto","background-attachment":"scroll","background-type":"","background-media":"","overlay-type":"","overlay-color":"","overlay-opacity":"","overlay-gradient":""}},"ast-content-background-meta":{"desktop":{"background-color":"var(--ast-global-color-5)","background-image":"","background-repeat":"repeat","background-position":"center center","background-size":"auto","background-attachment":"scroll","background-type":"","background-media":"","overlay-type":"","overlay-color":"","overlay-opacity":"","overlay-gradient":""},"tablet":{"background-color":"var(--ast-global-color-5)","background-image":"","background-repeat":"repeat","background-position":"center center","background-size":"auto","background-attachment":"scroll","background-type":"","background-media":"","overlay-type":"","overlay-color":"","overlay-opacity":"","overlay-gradient":""},"mobile":{"background-color":"var(--ast-global-color-5)","background-image":"","background-repeat":"repeat","background-position":"center center","background-size":"auto","background-attachment":"scroll","background-type":"","background-media":"","overlay-type":"","overlay-color":"","overlay-opacity":"","overlay-gradient":""}}},"product_brand":[],"product_cat":[20],"product_tag":[25],"class_list":{"0":"post-2055","1":"product","2":"type-product","3":"status-publish","4":"has-post-thumbnail","6":"product_cat-accesorios-thule","7":"product_tag-sobre-pedido","8":"desktop-align-left","9":"tablet-align-left","10":"mobile-align-left","12":"first","13":"instock","14":"shipping-taxable","15":"purchasable","16":"product-type-simple"},"_links":{"self":[{"href":"https:\/\/tubici.mx\/configurador\/wp-json\/wp\/v2\/product\/2055","targetHints":{"allow":["GET"]}}],"collection":[{"href":"https:\/\/tubici.mx\/configurador\/wp-json\/wp\/v2\/product"}],"about":[{"href":"https:\/\/tubici.mx\/configurador\/wp-json\/wp\/v2\/types\/product"}],"replies":[{"embeddable":true,"href":"https:\/\/tubici.mx\/configurador\/wp-json\/wp\/v2\/comments?post=2055"}],"wp:featuredmedia":[{"embeddable":true,"href":"https:\/\/tubici.mx\/configurador\/wp-json\/wp\/v2\/media\/2056"}],"wp:attachment":[{"href":"https:\/\/tubici.mx\/configurador\/wp-json\/wp\/v2\/media?parent=2055"}],"wp:term":[{"taxonomy":"product_brand","embeddable":true,"href":"https:\/\/tubici.mx\/configurador\/wp-json\/wp\/v2\/product_brand?post=2055"},{"taxonomy":"product_cat","embeddable":true,"href":"https:\/\/tubici.mx\/configurador\/wp-json\/wp\/v2\/product_cat?post=2055"},{"taxonomy":"product_tag","embeddable":true,"href":"https:\/\/tubici.mx\/configurador\/wp-json\/wp\/v2\/product_tag?post=2055"}],"curies":[{"name":"wp","href":"https:\/\/api.w.org\/{rel}","templated":true}]}}