{"id":2047,"date":"2021-02-11T17:41:24","date_gmt":"2021-02-11T17:41:24","guid":{"rendered":"https:\/\/tubici.mx\/configurador\/?post_type=product&#038;p=2047"},"modified":"2024-02-27T04:10:26","modified_gmt":"2024-02-27T04:10:26","slug":"thule-t2-pro-xt-2-2","status":"publish","type":"product","link":"https:\/\/tubici.mx\/configurador\/producto\/thule-t2-pro-xt-2-2\/","title":{"rendered":"PORTABICICLETAS THULE T2 PRO XTR 2&#8221; 2 BICICLETAS"},"content":{"rendered":"<section id=\"main_0_mainframed_0_ctl00_Features\" class=\"section-features product-detail-features m-bottom-flex\" data-mobile-order=\"40\" data-desktop-order=\"l-col-20\">\n<div id=\"main_0_mainframed_0_ctl00_productDetailFeatures_divFeatures\" class=\"partially-hidden-xs\">\n<h2 class=\"heading5\">Caracter\u00edsticas<\/h2>\n<ul>\n<li class=\"show-image-on-click\" data-target=\"#ProductDetailImageSlider\" data-slide-to=\"7\">Fija las bicicletas r\u00e1pidamente sin contacto con el cuadro gracias al brazo con trinquete libre para el cuadro<\/li>\n<li class=\"show-image-on-click\" data-target=\"#ProductDetailImageSlider\" data-slide-to=\"0\">Elimina la interferencia entre bicicletas ajust\u00e1ndolas lado a lado para crear una amplio espacio entre los montajes de bicicleta<\/li>\n<li>Ideal para las estructuras de carbono, de monta\u00f1a, de descenso, para bicicletas el\u00e9ctricas y bicicletas de llantas gruesas con ruedas de 20&#8243; a 29&#8243; y llantas de 5&#8243; sin adaptadores<\/li>\n<li class=\"show-image-on-click\" data-target=\"#ProductDetailImageSlider\" data-slide-to=\"5\">Conveniencia completa de bloqueo: fija las bicicletas al portabicicletas y el portabicicletas en el enganche con el candado de cable y la perilla de cierre integrados<\/li>\n<li class=\"show-image-on-click\" data-target=\"#ProductDetailImageSlider\" data-slide-to=\"4\">El portabicicletas se pliega f\u00e1cilmente cuando no est\u00e1 en uso y se gira alej\u00e1ndolo del veh\u00edculo para poder acceder a la parte posterior gracias a la palanca HitchSwitch de f\u00e1cil acceso<\/li>\n<li>Instalar y desmontar el portabicicletas es f\u00e1cil gracias al sistema AutoAttach que no necesita herramientas<\/li>\n<li>Es posible aumentar la capacidad de carga de 2 hasta 4 bicicletas con el accesorio Thule T2 Pro XT Bike (se vende por separado, solo para enganche de 2&#8243; )<\/li>\n<li>No se puede usar con el guardabarros delantero<\/li>\n<\/ul>\n<\/div>\n<\/section>\n<section id=\"Vizualizer\" class=\"m-bottom-flex\" data-mobile-order=\"30\" data-desktop-order=\"l-col-30\">\n<div id=\"main_0_mainframed_0_ctl00_productVisualizerView\" class=\"\"><\/div>\n<\/section>\n<section id=\"TechSpecs\" class=\"section-techspecs m-bottom-flex\" data-mobile-order=\"60\" data-desktop-order=\"l-col-40\">\n<div id=\"main_0_mainframed_0_ctl00_productDetailTechSpecs_panelTechSpecs\" class=\"partially-hidden-xs\">\n<h2 class=\"heading5\">Especificaciones t\u00e9cnicas<\/h2>\n<div class=\"row\">\n<div class=\"col-xs-12\">\n<table>\n<tbody>\n<tr>\n<th>N\u00famero m\u00e1ximo de bicicletas<\/th>\n<td>2<\/td>\n<\/tr>\n<tr>\n<th>Capacidad de carga<\/th>\n<td>55.5 kg<\/td>\n<\/tr>\n<tr>\n<th>Peso m\u00e1ximo de la bicicleta<\/th>\n<td>27 kg<\/td>\n<\/tr>\n<tr>\n<th>Dimensiones<\/th>\n<td>109 x 137.16 x 38.1 cm<\/td>\n<\/tr>\n<tr>\n<th>Dimensiones plegado<\/th>\n<td>138.8 x 57.1 x 85.9 cm<\/td>\n<\/tr>\n<tr>\n<th>Peso<\/th>\n<td>23.6 kg<\/td>\n<\/tr>\n<tr>\n<th>Distancia entre bicicletas<\/th>\n<td>32 cm<\/td>\n<\/tr>\n<tr>\n<th>Compatible con cuadros de carbono<\/th>\n<td><strong>\u00a0\u2713\u00a0<\/strong><\/td>\n<\/tr>\n<tr>\n<th>Funci\u00f3n de inclinaci\u00f3n (con bicicletas)<\/th>\n<td><strong>\u00a0\u2713\u00a0<\/strong><\/td>\n<\/tr>\n<tr>\n<th>Se ajusta a enganches de 1,25 pulg. (3,2 cm)<\/th>\n<td>\u00a0\u2716<\/td>\n<\/tr>\n<tr>\n<th>Se ajusta a enganches de 2 pulg. (5,1 cm)<\/th>\n<td><strong>\u00a0\u2713\u00a0<\/strong><\/td>\n<\/tr>\n<tr>\n<th>Compatible con el sistema One Key<\/th>\n<td><strong>\u00a0\u2713\u00a0<\/strong><\/td>\n<\/tr>\n<tr>\n<th>Candado para bicicleta incluido<\/th>\n<td><strong>\u00a0\u2713\u00a0<\/strong><\/td>\n<\/tr>\n<tr>\n<th>Cerradura para enganche incluida<\/th>\n<td><strong>\u00a0\u2713\u00a0<\/strong><\/td>\n<\/tr>\n<tr>\n<th>Color<\/th>\n<td>Black<\/td>\n<\/tr>\n<tr>\n<th>N\u00famero del modelo<\/th>\n<td>9034XTB<\/td>\n<\/tr>\n<\/tbody>\n<\/table>\n<\/div>\n<\/div>\n<\/div>\n<\/section>\n","protected":false},"excerpt":{"rendered":"<p>Caracter\u00edsticas Fija las bicicletas r\u00e1pidamente sin contacto con el cuadro gracias al brazo con trinquete libre para el cuadro Elimina la interferencia entre bicicletas ajust\u00e1ndolas lado a lado para crear una amplio espacio entre los montajes de bicicleta Ideal para las estructuras de carbono, de monta\u00f1a, de descenso, para bicicletas el\u00e9ctricas y bicicletas de llantas [&hellip;]<\/p>\n","protected":false},"featured_media":2185,"comment_status":"open","ping_status":"closed","template":"","meta":{"nf_dc_page":"","om_disable_all_campaigns":false,"site-sidebar-layout":"default","site-content-layout":"default","ast-site-content-layout":"default","site-content-style":"default","site-sidebar-style":"default","ast-global-header-display":"","ast-banner-title-visibility":"","ast-main-header-display":"","ast-hfb-above-header-display":"","ast-hfb-below-header-display":"","ast-hfb-mobile-header-display":"","site-post-title":"","ast-breadcrumbs-content":"","ast-featured-img":"","footer-sml-layout":"","ast-disable-related-posts":"","theme-transparent-header-meta":"default","adv-header-id-meta":"","stick-header-meta":"","header-above-stick-meta":"","header-main-stick-meta":"","header-below-stick-meta":"","astra-migrate-meta-layouts":"default","ast-page-background-enabled":"default","ast-page-background-meta":{"desktop":{"background-color":"","background-image":"","background-repeat":"repeat","background-position":"center center","background-size":"auto","background-attachment":"scroll","background-type":"","background-media":"","overlay-type":"","overlay-color":"","overlay-opacity":"","overlay-gradient":""},"tablet":{"background-color":"","background-image":"","background-repeat":"repeat","background-position":"center center","background-size":"auto","background-attachment":"scroll","background-type":"","background-media":"","overlay-type":"","overlay-color":"","overlay-opacity":"","overlay-gradient":""},"mobile":{"background-color":"","background-image":"","background-repeat":"repeat","background-position":"center center","background-size":"auto","background-attachment":"scroll","background-type":"","background-media":"","overlay-type":"","overlay-color":"","overlay-opacity":"","overlay-gradient":""}},"ast-content-background-meta":{"desktop":{"background-color":"var(--ast-global-color-5)","background-image":"","background-repeat":"repeat","background-position":"center center","background-size":"auto","background-attachment":"scroll","background-type":"","background-media":"","overlay-type":"","overlay-color":"","overlay-opacity":"","overlay-gradient":""},"tablet":{"background-color":"var(--ast-global-color-5)","background-image":"","background-repeat":"repeat","background-position":"center center","background-size":"auto","background-attachment":"scroll","background-type":"","background-media":"","overlay-type":"","overlay-color":"","overlay-opacity":"","overlay-gradient":""},"mobile":{"background-color":"var(--ast-global-color-5)","background-image":"","background-repeat":"repeat","background-position":"center center","background-size":"auto","background-attachment":"scroll","background-type":"","background-media":"","overlay-type":"","overlay-color":"","overlay-opacity":"","overlay-gradient":""}}},"product_brand":[],"product_cat":[20],"product_tag":[23],"class_list":{"0":"post-2047","1":"product","2":"type-product","3":"status-publish","4":"has-post-thumbnail","6":"product_cat-accesorios-thule","7":"product_tag-entrega-inmediata","8":"desktop-align-left","9":"tablet-align-left","10":"mobile-align-left","12":"first","13":"instock","14":"featured","15":"shipping-taxable","16":"purchasable","17":"product-type-simple"},"_links":{"self":[{"href":"https:\/\/tubici.mx\/configurador\/wp-json\/wp\/v2\/product\/2047","targetHints":{"allow":["GET"]}}],"collection":[{"href":"https:\/\/tubici.mx\/configurador\/wp-json\/wp\/v2\/product"}],"about":[{"href":"https:\/\/tubici.mx\/configurador\/wp-json\/wp\/v2\/types\/product"}],"replies":[{"embeddable":true,"href":"https:\/\/tubici.mx\/configurador\/wp-json\/wp\/v2\/comments?post=2047"}],"wp:featuredmedia":[{"embeddable":true,"href":"https:\/\/tubici.mx\/configurador\/wp-json\/wp\/v2\/media\/2185"}],"wp:attachment":[{"href":"https:\/\/tubici.mx\/configurador\/wp-json\/wp\/v2\/media?parent=2047"}],"wp:term":[{"taxonomy":"product_brand","embeddable":true,"href":"https:\/\/tubici.mx\/configurador\/wp-json\/wp\/v2\/product_brand?post=2047"},{"taxonomy":"product_cat","embeddable":true,"href":"https:\/\/tubici.mx\/configurador\/wp-json\/wp\/v2\/product_cat?post=2047"},{"taxonomy":"product_tag","embeddable":true,"href":"https:\/\/tubici.mx\/configurador\/wp-json\/wp\/v2\/product_tag?post=2047"}],"curies":[{"name":"wp","href":"https:\/\/api.w.org\/{rel}","templated":true}]}}