{"id":2019,"date":"2021-02-11T00:56:10","date_gmt":"2021-02-11T00:56:10","guid":{"rendered":"https:\/\/tubici.mx\/configurador\/?post_type=product&#038;p=2019"},"modified":"2024-02-27T04:10:41","modified_gmt":"2024-02-27T04:10:41","slug":"thule-helium-pro-3-bicis","status":"publish","type":"product","link":"https:\/\/tubici.mx\/configurador\/producto\/thule-helium-pro-3-bicis\/","title":{"rendered":"THULE PORTABICICLETAS HELIUM PRO 3 (3 BICICLETAS)"},"content":{"rendered":"<section id=\"main_0_mainframed_0_ctl00_Features\" class=\"section-features product-detail-features m-bottom-flex\" data-mobile-order=\"40\" data-desktop-order=\"l-col-20\">\n<div id=\"main_0_mainframed_0_ctl00_productDetailFeatures_divFeatures\" class=\"partially-hidden-xs\">\n<h2 class=\"heading5\">Caracter\u00edsticas<\/h2>\n<ul>\n<li class=\"show-image-on-click\" data-target=\"#ProductDetailImageSlider\" data-slide-to=\"0\">La estructura de aluminio superliviano tiene la mitad del peso que la mayor\u00eda de los portabicicletas de enganche de acero, por lo que es f\u00e1cil de instalar, desmontar y manipular<\/li>\n<li>La mejor protecci\u00f3n de soporte de enganche colgante para bicicletas con un espacio de separaci\u00f3n entre bicicletas de 18 cm (7 pulgadas), el mayor de la industria<\/li>\n<li class=\"show-image-on-click\" data-target=\"#ProductDetailImageSlider\" data-slide-to=\"6\">M\u00e1xima estabilidad y ajuste para las bicicletas, con anti-sway integrado que previene el contacto entre bicicletas y &#8220;desaparece&#8221; cuando no se necesita<\/li>\n<li class=\"show-image-on-click\" data-target=\"#ProductDetailImageSlider\" data-slide-to=\"4\">Acceso conveniente a la parte trasera del veh\u00edculo: la caracter\u00edstica HitchSwitch permite inclinar el soporte f\u00e1cilmente<\/li>\n<li class=\"show-image-on-click\" data-target=\"#ProductDetailImageSlider\" data-slide-to=\"5\">Seguridad completa para la bicicleta con el candado de cable integrado (candado incluido)<\/li>\n<li>Fijaci\u00f3n de bicicletas r\u00e1pida, segura y que inspira confianza con correa de soporte con trinquete<\/li>\n<li class=\"show-image-on-click\" data-target=\"#ProductDetailImageSlider\" data-slide-to=\"3\">Pliega f\u00e1cilmente los brazos de bicicleta cuando no est\u00e1n en uso con la palanca HitchSwitch, ubicada en un lugar conveniente<\/li>\n<li>El dise\u00f1o de soporte compacto se adapta a una amplia variedad de tama\u00f1os de bicicletas y estilos de cuadros<\/li>\n<li>La instalaci\u00f3n r\u00e1pida que no necesita herramientas, con dise\u00f1o de p\u00faa SnugTite, brinda la m\u00e1xima velocidad, estabilidad y seguridad (candado incluido)<\/li>\n<li>Transferible entre receptores de enganche, se adapta a enganches de 3 y 5 cm (1,25 y 2 pulgadas)<\/li>\n<\/ul>\n<\/div>\n<\/section>\n<section id=\"Vizualizer\" class=\"m-bottom-flex\" data-mobile-order=\"30\" data-desktop-order=\"l-col-30\">\n<div id=\"main_0_mainframed_0_ctl00_productVisualizerView\" class=\"\"><\/div>\n<\/section>\n<section id=\"TechSpecs\" class=\"section-techspecs m-bottom-flex\" data-mobile-order=\"60\" data-desktop-order=\"l-col-40\">\n<div id=\"main_0_mainframed_0_ctl00_productDetailTechSpecs_panelTechSpecs\" class=\"partially-hidden-xs\">\n<h2 class=\"heading5\">Especificaciones t\u00e9cnicas<\/h2>\n<div class=\"row\">\n<div class=\"col-xs-12\">\n<table>\n<tbody>\n<tr>\n<th>N\u00famero m\u00e1ximo de bicicletas<\/th>\n<td>3<\/td>\n<\/tr>\n<tr>\n<th>Capacidad de carga<\/th>\n<td>51 kg<\/td>\n<\/tr>\n<tr>\n<th>Peso m\u00e1ximo de la bicicleta<\/th>\n<td>17 kg<\/td>\n<\/tr>\n<tr>\n<th>Dimensiones<\/th>\n<td>99 x 27.9 x 94.7 cm<\/td>\n<\/tr>\n<tr>\n<th>Dimensiones plegado<\/th>\n<td>55.6 x 27.9 x 94.7 cm<\/td>\n<\/tr>\n<tr>\n<th>Peso<\/th>\n<td>9 kg<\/td>\n<\/tr>\n<tr>\n<th>Distancia entre bicicletas<\/th>\n<td>17.78 cm<\/td>\n<\/tr>\n<tr>\n<th>Compatible con cuadros de carbono<\/th>\n<td><strong>\u00a0\u2713\u00a0<\/strong><\/td>\n<\/tr>\n<tr>\n<th>Funci\u00f3n de inclinaci\u00f3n (con bicicletas)<\/th>\n<td>\u00a0\u2716<\/td>\n<\/tr>\n<tr>\n<th>Se ajusta a enganches de 1,25 pulg. (3,2 cm)<\/th>\n<td><strong>\u00a0\u2713\u00a0<\/strong><\/td>\n<\/tr>\n<tr>\n<th>Se ajusta a enganches de 2 pulg. (5,1 cm)<\/th>\n<td><strong>\u00a0\u2713\u00a0<\/strong><\/td>\n<\/tr>\n<tr>\n<th>Compatible con el sistema One Key<\/th>\n<td><strong>\u00a0\u2713\u00a0<\/strong><\/td>\n<\/tr>\n<tr>\n<th>Candado para bicicleta incluido<\/th>\n<td><strong>\u00a0\u2713\u00a0<\/strong><\/td>\n<\/tr>\n<tr>\n<th>Cerradura para enganche incluida<\/th>\n<td><strong>\u00a0\u2713\u00a0<\/strong><\/td>\n<\/tr>\n<tr>\n<th>Color<\/th>\n<td>Aluminum<\/td>\n<\/tr>\n<tr>\n<th>N\u00famero del modelo<\/th>\n<td>9043PRO<\/td>\n<\/tr>\n<\/tbody>\n<\/table>\n<\/div>\n<\/div>\n<\/div>\n<\/section>\n","protected":false},"excerpt":{"rendered":"<p>Caracter\u00edsticas La estructura de aluminio superliviano tiene la mitad del peso que la mayor\u00eda de los portabicicletas de enganche de acero, por lo que es f\u00e1cil de instalar, desmontar y manipular La mejor protecci\u00f3n de soporte de enganche colgante para bicicletas con un espacio de separaci\u00f3n entre bicicletas de 18 cm (7 pulgadas), el mayor [&hellip;]<\/p>\n","protected":false},"featured_media":2020,"comment_status":"open","ping_status":"closed","template":"","meta":{"nf_dc_page":"","om_disable_all_campaigns":false,"site-sidebar-layout":"default","site-content-layout":"","ast-site-content-layout":"default","site-content-style":"default","site-sidebar-style":"default","ast-global-header-display":"","ast-banner-title-visibility":"","ast-main-header-display":"","ast-hfb-above-header-display":"","ast-hfb-below-header-display":"","ast-hfb-mobile-header-display":"","site-post-title":"","ast-breadcrumbs-content":"","ast-featured-img":"","footer-sml-layout":"","ast-disable-related-posts":"","theme-transparent-header-meta":"","adv-header-id-meta":"","stick-header-meta":"","header-above-stick-meta":"","header-main-stick-meta":"","header-below-stick-meta":"","astra-migrate-meta-layouts":"default","ast-page-background-enabled":"default","ast-page-background-meta":{"desktop":{"background-color":"","background-image":"","background-repeat":"repeat","background-position":"center center","background-size":"auto","background-attachment":"scroll","background-type":"","background-media":"","overlay-type":"","overlay-color":"","overlay-opacity":"","overlay-gradient":""},"tablet":{"background-color":"","background-image":"","background-repeat":"repeat","background-position":"center center","background-size":"auto","background-attachment":"scroll","background-type":"","background-media":"","overlay-type":"","overlay-color":"","overlay-opacity":"","overlay-gradient":""},"mobile":{"background-color":"","background-image":"","background-repeat":"repeat","background-position":"center center","background-size":"auto","background-attachment":"scroll","background-type":"","background-media":"","overlay-type":"","overlay-color":"","overlay-opacity":"","overlay-gradient":""}},"ast-content-background-meta":{"desktop":{"background-color":"var(--ast-global-color-5)","background-image":"","background-repeat":"repeat","background-position":"center center","background-size":"auto","background-attachment":"scroll","background-type":"","background-media":"","overlay-type":"","overlay-color":"","overlay-opacity":"","overlay-gradient":""},"tablet":{"background-color":"var(--ast-global-color-5)","background-image":"","background-repeat":"repeat","background-position":"center center","background-size":"auto","background-attachment":"scroll","background-type":"","background-media":"","overlay-type":"","overlay-color":"","overlay-opacity":"","overlay-gradient":""},"mobile":{"background-color":"var(--ast-global-color-5)","background-image":"","background-repeat":"repeat","background-position":"center center","background-size":"auto","background-attachment":"scroll","background-type":"","background-media":"","overlay-type":"","overlay-color":"","overlay-opacity":"","overlay-gradient":""}}},"product_brand":[],"product_cat":[20],"product_tag":[25],"class_list":{"0":"post-2019","1":"product","2":"type-product","3":"status-publish","4":"has-post-thumbnail","6":"product_cat-accesorios-thule","7":"product_tag-sobre-pedido","8":"desktop-align-left","9":"tablet-align-left","10":"mobile-align-left","12":"first","13":"instock","14":"shipping-taxable","15":"purchasable","16":"product-type-simple"},"_links":{"self":[{"href":"https:\/\/tubici.mx\/configurador\/wp-json\/wp\/v2\/product\/2019","targetHints":{"allow":["GET"]}}],"collection":[{"href":"https:\/\/tubici.mx\/configurador\/wp-json\/wp\/v2\/product"}],"about":[{"href":"https:\/\/tubici.mx\/configurador\/wp-json\/wp\/v2\/types\/product"}],"replies":[{"embeddable":true,"href":"https:\/\/tubici.mx\/configurador\/wp-json\/wp\/v2\/comments?post=2019"}],"wp:featuredmedia":[{"embeddable":true,"href":"https:\/\/tubici.mx\/configurador\/wp-json\/wp\/v2\/media\/2020"}],"wp:attachment":[{"href":"https:\/\/tubici.mx\/configurador\/wp-json\/wp\/v2\/media?parent=2019"}],"wp:term":[{"taxonomy":"product_brand","embeddable":true,"href":"https:\/\/tubici.mx\/configurador\/wp-json\/wp\/v2\/product_brand?post=2019"},{"taxonomy":"product_cat","embeddable":true,"href":"https:\/\/tubici.mx\/configurador\/wp-json\/wp\/v2\/product_cat?post=2019"},{"taxonomy":"product_tag","embeddable":true,"href":"https:\/\/tubici.mx\/configurador\/wp-json\/wp\/v2\/product_tag?post=2019"}],"curies":[{"name":"wp","href":"https:\/\/api.w.org\/{rel}","templated":true}]}}