{"id":2002,"date":"2021-02-11T00:48:41","date_gmt":"2021-02-11T00:48:41","guid":{"rendered":"https:\/\/tubici.mx\/configurador\/?post_type=product&#038;p=2002"},"modified":"2024-02-27T04:10:55","modified_gmt":"2024-02-27T04:10:55","slug":"thule-apex-4-bicis","status":"publish","type":"product","link":"https:\/\/tubici.mx\/configurador\/producto\/thule-apex-4-bicis\/","title":{"rendered":"THULE PORTABICICLETAS APEX XT 4 239025XT"},"content":{"rendered":"<h2 class=\"heading5\">Caracter\u00edsticas<\/h2>\n<ul>\n<li class=\"show-image-on-click\" data-target=\"#ProductDetailImageSlider\" data-slide-to=\"6\">M\u00e1xima estabilidad y ajuste para las bicicletas, con anti-sway integrado que previene el contacto entre bicicletas y &#8220;desaparece&#8221; cuando no se necesita<\/li>\n<li>Las bicicletas est\u00e1n seguras y protegidas durante el transporte gracias al espacio de 18 cm (7 pulgadas) entre cada bicicleta<\/li>\n<li>Instala las bicicletas de forma r\u00e1pida y f\u00edjalas f\u00e1cilmente al portabicicletas con la correa de soporte con trinquete<\/li>\n<li>El dise\u00f1o de soporte compacto se adapta a una amplia variedad de tama\u00f1os de bicicletas y estilos de cuadros<\/li>\n<li class=\"show-image-on-click\" data-target=\"#ProductDetailImageSlider\" data-slide-to=\"5\">Fija las bicicletas al soporte con el candado de cable integrado (candado incluido)<\/li>\n<li class=\"show-image-on-click\" data-target=\"#ProductDetailImageSlider\" data-slide-to=\"3\">Los brazos de bicicleta se pliegan f\u00e1cilmente cuando el portabicicletas no est\u00e1 en uso<\/li>\n<li class=\"show-image-on-click\" data-target=\"#ProductDetailImageSlider\" data-slide-to=\"4\">Acceso conveniente a la parte trasera del veh\u00edculo con la palanca HitchSwitch que permite inclinar el soporte<\/li>\n<li>F\u00e1cil transporte y manipulaci\u00f3n, gracias a la manija de sujeci\u00f3n integrada<\/li>\n<li class=\"show-image-on-click\" data-target=\"#ProductDetailImageSlider\" data-slide-to=\"7\">Gracias a la p\u00faa SnugTite que no necesita herramientas, la instalaci\u00f3n es r\u00e1pida y el portaequipajes se fija al veh\u00edculo f\u00e1cilmente (candado incluido)<\/li>\n<li>Se transfiere f\u00e1cilmente entre receptores de enganche de 3 y 5 cm (1,25 y 2 pulgadas)<\/li>\n<\/ul>\n<p>&nbsp;<\/p>\n<h2 class=\"heading5\">Especificaciones t\u00e9cnicas<\/h2>\n<div class=\"row\">\n<div class=\"col-xs-12\">\n<table>\n<tbody>\n<tr>\n<th>N\u00famero m\u00e1ximo de bicicletas<\/th>\n<td>4<\/td>\n<\/tr>\n<tr>\n<th>Capacidad de carga<\/th>\n<td>68 kg<\/td>\n<\/tr>\n<tr>\n<th>Peso m\u00e1ximo de la bicicleta<\/th>\n<td>17 kg<\/td>\n<\/tr>\n<tr>\n<th>Dimensiones<\/th>\n<td>106.9 x 27.9 x 93.9 cm<\/td>\n<\/tr>\n<tr>\n<th>Dimensiones plegado<\/th>\n<td>39 x 27.9 x 93.9 cm<\/td>\n<\/tr>\n<tr>\n<th>Peso<\/th>\n<td>16 kg<\/td>\n<\/tr>\n<tr>\n<th>Distancia entre bicicletas<\/th>\n<td>17.78 cm<\/td>\n<\/tr>\n<tr>\n<th>Compatible con cuadros de carbono<\/th>\n<td><strong>\u00a0\u2713\u00a0<\/strong><\/td>\n<\/tr>\n<tr>\n<th>Funci\u00f3n de inclinaci\u00f3n (con bicicletas)<\/th>\n<td>\u00a0\u2716<\/td>\n<\/tr>\n<tr>\n<th>Se ajusta a enganches de 1,25 pulg. (3,2 cm)<\/th>\n<td><strong>\u00a0\u2713\u00a0<\/strong><\/td>\n<\/tr>\n<tr>\n<th>Se ajusta a enganches de 2 pulg. (5,1 cm)<\/th>\n<td><strong>\u00a0\u2713\u00a0<\/strong><\/td>\n<\/tr>\n<tr>\n<th>Compatible con el sistema One Key<\/th>\n<td><strong>\u00a0\u2713\u00a0<\/strong><\/td>\n<\/tr>\n<tr>\n<th>Candado para bicicleta incluido<\/th>\n<td><strong>\u00a0\u2713\u00a0<\/strong><\/td>\n<\/tr>\n<tr>\n<th>Cerradura para enganche incluida<\/th>\n<td><strong>\u00a0\u2713\u00a0<\/strong><\/td>\n<\/tr>\n<tr>\n<th>Color<\/th>\n<td>Black<\/td>\n<\/tr>\n<tr>\n<th>N\u00famero del modelo<\/th>\n<td>9025XT<\/td>\n<\/tr>\n<\/tbody>\n<\/table>\n<\/div>\n<\/div>\n","protected":false},"excerpt":{"rendered":"<p>Caracter\u00edsticas M\u00e1xima estabilidad y ajuste para las bicicletas, con anti-sway integrado que previene el contacto entre bicicletas y &#8220;desaparece&#8221; cuando no se necesita Las bicicletas est\u00e1n seguras y protegidas durante el transporte gracias al espacio de 18 cm (7 pulgadas) entre cada bicicleta Instala las bicicletas de forma r\u00e1pida y f\u00edjalas f\u00e1cilmente al portabicicletas con [&hellip;]<\/p>\n","protected":false},"featured_media":2003,"comment_status":"open","ping_status":"closed","template":"","meta":{"nf_dc_page":"","om_disable_all_campaigns":false,"site-sidebar-layout":"default","site-content-layout":"","ast-site-content-layout":"default","site-content-style":"default","site-sidebar-style":"default","ast-global-header-display":"","ast-banner-title-visibility":"","ast-main-header-display":"","ast-hfb-above-header-display":"","ast-hfb-below-header-display":"","ast-hfb-mobile-header-display":"","site-post-title":"","ast-breadcrumbs-content":"","ast-featured-img":"","footer-sml-layout":"","ast-disable-related-posts":"","theme-transparent-header-meta":"","adv-header-id-meta":"","stick-header-meta":"","header-above-stick-meta":"","header-main-stick-meta":"","header-below-stick-meta":"","astra-migrate-meta-layouts":"default","ast-page-background-enabled":"default","ast-page-background-meta":{"desktop":{"background-color":"","background-image":"","background-repeat":"repeat","background-position":"center center","background-size":"auto","background-attachment":"scroll","background-type":"","background-media":"","overlay-type":"","overlay-color":"","overlay-opacity":"","overlay-gradient":""},"tablet":{"background-color":"","background-image":"","background-repeat":"repeat","background-position":"center center","background-size":"auto","background-attachment":"scroll","background-type":"","background-media":"","overlay-type":"","overlay-color":"","overlay-opacity":"","overlay-gradient":""},"mobile":{"background-color":"","background-image":"","background-repeat":"repeat","background-position":"center center","background-size":"auto","background-attachment":"scroll","background-type":"","background-media":"","overlay-type":"","overlay-color":"","overlay-opacity":"","overlay-gradient":""}},"ast-content-background-meta":{"desktop":{"background-color":"var(--ast-global-color-5)","background-image":"","background-repeat":"repeat","background-position":"center center","background-size":"auto","background-attachment":"scroll","background-type":"","background-media":"","overlay-type":"","overlay-color":"","overlay-opacity":"","overlay-gradient":""},"tablet":{"background-color":"var(--ast-global-color-5)","background-image":"","background-repeat":"repeat","background-position":"center center","background-size":"auto","background-attachment":"scroll","background-type":"","background-media":"","overlay-type":"","overlay-color":"","overlay-opacity":"","overlay-gradient":""},"mobile":{"background-color":"var(--ast-global-color-5)","background-image":"","background-repeat":"repeat","background-position":"center center","background-size":"auto","background-attachment":"scroll","background-type":"","background-media":"","overlay-type":"","overlay-color":"","overlay-opacity":"","overlay-gradient":""}}},"product_brand":[],"product_cat":[20],"product_tag":[25],"class_list":{"0":"post-2002","1":"product","2":"type-product","3":"status-publish","4":"has-post-thumbnail","6":"product_cat-accesorios-thule","7":"product_tag-sobre-pedido","8":"desktop-align-left","9":"tablet-align-left","10":"mobile-align-left","12":"first","13":"instock","14":"shipping-taxable","15":"purchasable","16":"product-type-simple"},"_links":{"self":[{"href":"https:\/\/tubici.mx\/configurador\/wp-json\/wp\/v2\/product\/2002","targetHints":{"allow":["GET"]}}],"collection":[{"href":"https:\/\/tubici.mx\/configurador\/wp-json\/wp\/v2\/product"}],"about":[{"href":"https:\/\/tubici.mx\/configurador\/wp-json\/wp\/v2\/types\/product"}],"replies":[{"embeddable":true,"href":"https:\/\/tubici.mx\/configurador\/wp-json\/wp\/v2\/comments?post=2002"}],"wp:featuredmedia":[{"embeddable":true,"href":"https:\/\/tubici.mx\/configurador\/wp-json\/wp\/v2\/media\/2003"}],"wp:attachment":[{"href":"https:\/\/tubici.mx\/configurador\/wp-json\/wp\/v2\/media?parent=2002"}],"wp:term":[{"taxonomy":"product_brand","embeddable":true,"href":"https:\/\/tubici.mx\/configurador\/wp-json\/wp\/v2\/product_brand?post=2002"},{"taxonomy":"product_cat","embeddable":true,"href":"https:\/\/tubici.mx\/configurador\/wp-json\/wp\/v2\/product_cat?post=2002"},{"taxonomy":"product_tag","embeddable":true,"href":"https:\/\/tubici.mx\/configurador\/wp-json\/wp\/v2\/product_tag?post=2002"}],"curies":[{"name":"wp","href":"https:\/\/api.w.org\/{rel}","templated":true}]}}